{"id":3726,"date":"2024-03-08T06:20:42","date_gmt":"2024-03-08T06:20:42","guid":{"rendered":"https:\/\/videoworks.ro\/?page_id=3726"},"modified":"2024-03-08T07:28:35","modified_gmt":"2024-03-08T07:28:35","slug":"acasa","status":"publish","type":"page","link":"https:\/\/videoworks.ro\/ro\/","title":{"rendered":"Acasa"},"content":{"rendered":"\t\t<div data-elementor-type=\"wp-page\" data-elementor-id=\"3726\" class=\"elementor elementor-3726\" data-elementor-post-type=\"page\">\n\t\t\t\t<div class=\"elementor-element elementor-element-281edcf e-con-full e-flex e-con e-parent\" data-id=\"281edcf\" data-element_type=\"container\" data-e-type=\"container\" data-settings=\"{&quot;jet_parallax_layout_list&quot;:[]}\">\n\t\t\t\t<div class=\"elementor-element elementor-element-7f4a26f elementor-hidden-desktop elementor-hidden-tablet elementor-widget elementor-widget-yprm_banner\" data-id=\"7f4a26f\" data-element_type=\"widget\" data-e-type=\"widget\" data-widget_type=\"yprm_banner.default\">\n\t\t\t\t<div class=\"elementor-widget-container\">\n\t\t\t\t\t\t\t\t<div class=\"banner-wrapper banner-area banner-69e73c58997a0 external-indent\" style=\"--transition-speed: 2300ms;\" data-settings=\"{&quot;loop&quot;:true,&quot;speed&quot;:300,&quot;autoplay&quot;:{&quot;delay&quot;:5000,&quot;disableOnInteraction&quot;:false,&quot;pauseOnMouseEnter&quot;:true},&quot;arrows&quot;:true,&quot;dots&quot;:true,&quot;dots_position&quot;:&quot;right-bottom&quot;,&quot;animation&quot;:&quot;&quot;}\">\r\n\t\t\t\t\t\t\t\t\t\t\t<div class=\"banner-categories vertical-align-bottom text-align-left\">\r\n\t\t\t\t      <div class=\"item\">\r\n        <a href=\"\/servicii\"  target=\"_blank\"  rel=\"nofollow\" style=\"background-image: url(https:\/\/videoworks.ro\/wp-content\/uploads\/2024\/03\/Productie-Editare-Video.webp);\">\r\n          <span>\r\n            <span class=\"num\"><\/span>\r\n            <span class=\"h\">Produc\u021bie &amp; Editare Video<\/span>\r\n          <\/span>\r\n        <\/a>\r\n      <\/div>\r\n          <div class=\"item\">\r\n        <a href=\"\/servicii\"  target=\"_blank\"  rel=\"nofollow\" style=\"background-image: url(https:\/\/videoworks.ro\/wp-content\/uploads\/2024\/03\/Grafica-Animata-2D.webp);\">\r\n          <span>\r\n            <span class=\"num\"><\/span>\r\n            <span class=\"h\">Grafic\u0103 Animat\u0103 2D<\/span>\r\n          <\/span>\r\n        <\/a>\r\n      <\/div>\r\n          <div class=\"item\">\r\n        <a href=\"\/servicii\"  target=\"_blank\"  rel=\"nofollow\" style=\"background-image: url(https:\/\/videoworks.ro\/wp-content\/uploads\/2024\/03\/Grafica-Animata-3D.webp);\">\r\n          <span>\r\n            <span class=\"num\"><\/span>\r\n            <span class=\"h\">Grafic\u0103 Animat\u0103 3D<\/span>\r\n          <\/span>\r\n        <\/a>\r\n      <\/div>\r\n    \t\t\t<\/div>\r\n\t\t\t\t\t\t\t\t\t<div class=\"banner-about content\">\r\n\t\t\t\t<div class=\"row\">\r\n\t\t\t\t\t\t\t\t\t\t\t\t<div class=\"image col-12 col-md-6\" style=\"background-image: url(https:\/\/videoworks.ro\/wp-content\/uploads\/2024\/03\/despre-noi-videoworks-new.webp);\"><\/div>\r\n        <div class=\"text col-12 col-md-6\">\r\n\t\t\t\t\t\t\t<div class=\"wrap\">\r\n\t\t\t\t\t<div class=\"cell\">\r\n\t\t\t\t\t\t\t\t\t\t\t\t\t<div class=\"image\" style=\"background-image: url(https:\/\/videoworks.ro\/wp-content\/uploads\/2024\/03\/despre-noi-videoworks-new.webp);\"><\/div>\r\n\t\t\t\t\t\t\t\t\t\t\t\t\t\t\t\t\t\t\t\t\t\t\t\t\t\t\t<div class=\"text-p\">\t\t<div data-elementor-type=\"section\" data-elementor-id=\"3413\" class=\"elementor elementor-3413\" data-elementor-post-type=\"elementor_library\">\n\t\t\t<div class=\"elementor-element elementor-element-7ee78d0 e-flex e-con-boxed e-con e-parent\" data-id=\"7ee78d0\" data-element_type=\"container\" data-e-type=\"container\" data-settings=\"{&quot;background_background&quot;:&quot;classic&quot;,&quot;jet_parallax_layout_list&quot;:[]}\">\n\t\t\t\t\t<div class=\"e-con-inner\">\n\t\t<div class=\"elementor-element elementor-element-e670cd3 e-con-full e-flex e-con e-child\" data-id=\"e670cd3\" data-element_type=\"container\" data-e-type=\"container\" data-settings=\"{&quot;jet_parallax_layout_list&quot;:[]}\">\n\t\t\t\t<div class=\"elementor-element elementor-element-a451a87 gradient-text1 elementor-widget elementor-widget-heading\" data-id=\"a451a87\" data-element_type=\"widget\" data-e-type=\"widget\" data-widget_type=\"heading.default\">\n\t\t\t\t<div class=\"elementor-widget-container\">\n\t\t\t\t\t<div class=\"elementor-heading-title elementor-size-default\">Creativitate dublat\u0103 <br>de experien\u021b\u0103!<\/div>\t\t\t\t<\/div>\n\t\t\t\t<\/div>\n\t\t\t\t<div class=\"elementor-element elementor-element-58ca763 elementor-widget elementor-widget-text-editor\" data-id=\"58ca763\" data-element_type=\"widget\" data-e-type=\"widget\" data-widget_type=\"text-editor.default\">\n\t\t\t\t<div class=\"elementor-widget-container\">\n\t\t\t\t\t\t\t\t\t<p>Tr\u0103im \u00eentr-o lume \u00een care marketingul companiilor se bazeaz\u0103 \u00een cea mai mare parte pe con\u021binut video, av\u00e2nd un impact imens \u00een mediul online.<\/p>\t\t\t\t\t\t\t\t<\/div>\n\t\t\t\t<\/div>\n\t\t\t\t<div class=\"elementor-element elementor-element-5faa3d4 elementor-widget elementor-widget-text-editor\" data-id=\"5faa3d4\" data-element_type=\"widget\" data-e-type=\"widget\" data-widget_type=\"text-editor.default\">\n\t\t\t\t<div class=\"elementor-widget-container\">\n\t\t\t\t\t\t\t\t\t<p>Video Works este un studio de produc\u021bie video de cea mai \u00eenalt\u0103 calitate, cu un background de 15 ani \u00een industrie, iar sub form\u0103 de companie activ\u0103m de 5 ani cu mare succes. Creativi, entuzia\u0219ti \u0219i mereu aten\u021bi la detalii, urm\u0103rim dezvoltarea unui parteneriat pe termen lung cu clien\u0163ii no\u015ftri.<\/p><p>\u00cen func\u021bie de nevoile tale, realiz\u0103m o gam\u0103 variat\u0103 de servicii, \u00eencep\u00e2nd de la filmule\u021be de prezentare pentru re\u021bele sociale, p\u00e2n\u0103 la videoclipuri muzicale, anima\u021bii, grafica 2D \u0219i 3D. Pentru noi succesul afacerii tale este viitoarea noastr\u0103 provocare!<\/p>\t\t\t\t\t\t\t\t<\/div>\n\t\t\t\t<\/div>\n\t\t\t\t<div class=\"elementor-element elementor-element-b805557 elementor-align-left elementor-widget__width-auto btn-gradient-2 elementor-widget elementor-widget-button\" data-id=\"b805557\" data-element_type=\"widget\" data-e-type=\"widget\" data-widget_type=\"button.default\">\n\t\t\t\t<div class=\"elementor-widget-container\">\n\t\t\t\t\t\t\t\t\t<div class=\"elementor-button-wrapper\">\n\t\t\t\t\t<a class=\"elementor-button elementor-button-link elementor-size-lg\" href=\"\/portofoliu\">\n\t\t\t\t\t\t<span class=\"elementor-button-content-wrapper\">\n\t\t\t\t\t\t\t\t\t<span class=\"elementor-button-text\">Vezi Portofoliu<\/span>\n\t\t\t\t\t<\/span>\n\t\t\t\t\t<\/a>\n\t\t\t\t<\/div>\n\t\t\t\t\t\t\t\t<\/div>\n\t\t\t\t<\/div>\n\t\t\t\t<\/div>\n\t\t\t\t\t<\/div>\n\t\t\t\t<\/div>\n\t\t\t\t<\/div>\n\t\t<\/div>\r\n\t\t\t\t\t\t\t\t\t\t\t\t\t<\/div>\r\n\t\t\t\t<\/div>\r\n\t\t\t\t\t\t\t<\/div>\r\n\t\t\t\t\t\t<\/div>\r\n\t\t\t<\/div>\r\n\t\t\t\t\t\t\t\t\t<div class=\"banner-right-buttons widget-elementor\">\r\n\t\t\t\t<div class=\"cell\">\r\n\t\t\t\t\t            <div class=\"button category\">\r\n              <span class=\"h\">Servicii<\/span>\r\n              <span class=\"close\">\r\n                <i class=\"basic-ui-icon-cancel\"><\/i>\r\n                                  \u00cenchide                \t\t\t\t\t\t\t<\/span>\r\n\t\t\t\t\t\t<\/div>\r\n\t\t\t\t\t\r\n\t\t\t\t\t              <div class=\"button about\">\r\n                <span class=\"h\">Despre noi<\/span>\r\n                <span class=\"close\"><i class=\"basic-ui-icon-cancel\"><\/i>\r\n                                      \u00cenchide                  \t\t\t\t\t\t\t\t<\/span>\r\n\t\t\t\t\t\t\t<\/div>\r\n\t\t\t\t\t\t          \t\t\t\t<\/div>\r\n\t\t\t<\/div>\r\n\t\t\r\n\t\t\t\t<div class=\"banner banner-items banner-69e73c58997a5 arrows-right-bottom pagination-right-bottom\" id=\"banner-69e73c58997a6\">\r\n          <div class=\"swiper-container\">\r\n            <div class=\"swiper-wrapper\">\r\n                    <div class=\"item swiper-slide item-banner banner-item-69e73c589a6c4 elementor-repeater-item-ba46e5b tal inherit\">\r\n        <div class=\"bg-image\" style=\"background-image: url(https:\/\/videoworks.ro\/wp-content\/uploads\/2024\/03\/reprezentativa1-1-1.webp)\"><\/div>\r\n                        <div class=\"container\">\r\n          <div class=\"cell bottom\">\r\n\t\t\t\t\t\t\t\t\t\t\t\t\t<div class=\"heading heading-with-num-type2\">\r\n\t\t\t\t\t\t\t\t<div class=\"top\">\r\n\t\t\t\t\t\t\t\t\t<div class=\"num\"><\/div>\r\n\t\t\t\t\t\t\t\t\t\t\t\t\t\t\t\t\t\t\t<div class=\"sub-h\">Productie Editare Video<\/div>\r\n\t\t\t\t\t\t\t\t\t\t\t\t\t\t\t\t\t<\/div>\r\n\t\t\t\t\t\t\t\t<h2 class=\"h\">\r\n\t\t\t\t\t\t\t\t\tVideo Works Demo Reel \t\t\t\t\t\t\t\t<\/h2>\r\n\t\t\t\t\t\t\t<\/div>\r\n\t\t\t\t\t\t\t\t\t\t\t\t\t\t\t\t\t    \t\t\t\t\t\t<div class=\"play-button-block popup-gallery images\"><a href=\"#\" data-type=\"video\" data-popup-json=\"{&quot;video&quot;:{&quot;html&quot;:&quot;&lt;iframe class=\\&quot;elementor-video-iframe\\&quot; allowfullscreen allow=\\&quot;clipboard-write\\&quot; title=\\&quot;Player video vimeo\\&quot; src=\\&quot;https:\\\/\\\/player.vimeo.com\\\/video\\\/495721519?autopause=0&amp;muted=1&amp;title=0&amp;portrait=0&amp;byline=0&amp;h=4f0b3f5ee8#t=\\&quot;&gt;&lt;\\\/iframe&gt;&quot;,&quot;w&quot;:1920,&quot;h&quot;:1080}}\" data-id=\"0\"><i class=\"music-and-multimedia-play-button\"><\/i><\/a><\/div>\t\t\t\t\t<\/div>\r\n\t\t\t\t<\/div>\r\n\t\t\t<\/div>\r\n\t\t      <div class=\"item swiper-slide item-banner banner-item-69e73c589aa2f elementor-repeater-item-99a79cd tal with-shadow inherit\">\r\n        <div class=\"bg-image\" style=\"background-image: url(https:\/\/videoworks.ro\/wp-content\/uploads\/2024\/03\/Explainer-1-1.webp)\"><\/div>\r\n                        <div class=\"container\">\r\n          <div class=\"cell bottom\">\r\n\t\t\t\t\t\t\t\t\t\t\t\t\t<div class=\"heading heading-with-num-type2\">\r\n\t\t\t\t\t\t\t\t<div class=\"top\">\r\n\t\t\t\t\t\t\t\t\t<div class=\"num\"><\/div>\r\n\t\t\t\t\t\t\t\t\t\t\t\t\t\t\t\t\t\t\t<div class=\"sub-h\">Grafic\u0103 Animat\u0103 2D<\/div>\r\n\t\t\t\t\t\t\t\t\t\t\t\t\t\t\t\t\t<\/div>\r\n\t\t\t\t\t\t\t\t<h2 class=\"h\">\r\n\t\t\t\t\t\t\t\t\tExplainer\t\t\t\t\t\t\t\t<\/h2>\r\n\t\t\t\t\t\t\t<\/div>\r\n\t\t\t\t\t\t\t\t\t\t\t\t\t\t\t\t\t    \t\t\t\t\t\t<div class=\"play-button-block popup-gallery images\"><a href=\"#\" data-type=\"video\" data-popup-json=\"{&quot;video&quot;:{&quot;html&quot;:&quot;&lt;iframe class=\\&quot;elementor-video-iframe\\&quot; allowfullscreen allow=\\&quot;clipboard-write\\&quot; title=\\&quot;Player video vimeo\\&quot; src=\\&quot;https:\\\/\\\/player.vimeo.com\\\/video\\\/658979168?autopause=0&amp;muted=1&amp;title=0&amp;portrait=0&amp;byline=0#t=\\&quot;&gt;&lt;\\\/iframe&gt;&quot;,&quot;w&quot;:1920,&quot;h&quot;:1080}}\" data-id=\"0\"><i class=\"music-and-multimedia-play-button\"><\/i><\/a><\/div>\t\t\t\t\t<\/div>\r\n\t\t\t\t<\/div>\r\n\t\t\t<\/div>\r\n\t\t      <div class=\"item swiper-slide item-banner banner-item-69e73c589ac28 elementor-repeater-item-f023bc4 tal inherit\">\r\n        <div class=\"bg-image\" style=\"background-image: url(https:\/\/videoworks.ro\/wp-content\/uploads\/2024\/03\/reprezentativa-3-1.webp)\"><\/div>\r\n                        <div class=\"container\">\r\n          <div class=\"cell bottom\">\r\n\t\t\t\t\t\t\t\t\t\t\t\t\t<div class=\"heading heading-with-num-type2\">\r\n\t\t\t\t\t\t\t\t<div class=\"top\">\r\n\t\t\t\t\t\t\t\t\t<div class=\"num\"><\/div>\r\n\t\t\t\t\t\t\t\t\t\t\t\t\t\t\t\t\t\t\t<div class=\"sub-h\">Grafic\u0103 Animat\u0103 3D<\/div>\r\n\t\t\t\t\t\t\t\t\t\t\t\t\t\t\t\t\t<\/div>\r\n\t\t\t\t\t\t\t\t<h2 class=\"h\">\r\n\t\t\t\t\t\t\t\t\tVideoworks Reel\t\t\t\t\t\t\t\t<\/h2>\r\n\t\t\t\t\t\t\t<\/div>\r\n\t\t\t\t\t\t\t\t\t\t\t\t\t\t\t\t\t    \t\t\t\t\t\t<div class=\"play-button-block popup-gallery images\"><a href=\"#\" data-type=\"video\" data-popup-json=\"{&quot;video&quot;:{&quot;html&quot;:&quot;&lt;iframe class=\\&quot;elementor-video-iframe\\&quot; allowfullscreen allow=\\&quot;clipboard-write\\&quot; title=\\&quot;Player video vimeo\\&quot; src=\\&quot;https:\\\/\\\/player.vimeo.com\\\/video\\\/773689440?autopause=0&amp;muted=1&amp;title=0&amp;portrait=0&amp;byline=0#t=\\&quot;&gt;&lt;\\\/iframe&gt;&quot;,&quot;w&quot;:1920,&quot;h&quot;:1080}}\" data-id=\"0\"><i class=\"music-and-multimedia-play-button\"><\/i><\/a><\/div>\t\t\t\t\t<\/div>\r\n\t\t\t\t<\/div>\r\n\t\t\t<\/div>\r\n\t\t            <\/div>\r\n          <\/div>\r\n          \r\n          <div class=\"owl-nav\"><div class=\"owl-prev basic-ui-icon-left-arrow\"><\/div><div class=\"owl-next basic-ui-icon-right-arrow\"><\/div><\/div>\r\n          <div class=\"owl-dots\"><\/div>          \r\n\t\t\t\t<\/div>\r\n\r\n\t\t\t<\/div>\r\n\t\t\t\t\t\t<\/div>\n\t\t\t\t<\/div>\n\t\t\t\t<div class=\"elementor-element elementor-element-7926ce9 elementor-hidden-mobile elementor-widget elementor-widget-yprm_banner\" data-id=\"7926ce9\" data-element_type=\"widget\" data-e-type=\"widget\" data-widget_type=\"yprm_banner.default\">\n\t\t\t\t<div class=\"elementor-widget-container\">\n\t\t\t\t\t\t\t\t<div class=\"banner-wrapper banner-area banner-69e73c589b45f external-indent\" style=\"--transition-speed: 2300ms;\" data-settings=\"{&quot;loop&quot;:true,&quot;speed&quot;:300,&quot;autoplay&quot;:{&quot;delay&quot;:5000,&quot;disableOnInteraction&quot;:false,&quot;pauseOnMouseEnter&quot;:true},&quot;arrows&quot;:true,&quot;dots&quot;:true,&quot;dots_position&quot;:&quot;right-bottom&quot;,&quot;animation&quot;:&quot;&quot;}\">\r\n\t\t\t\t\t\t\t\t\t\t\t<div class=\"banner-categories vertical-align-bottom text-align-left\">\r\n\t\t\t\t      <div class=\"item\">\r\n        <a href=\"\/servicii\"  target=\"_blank\"  rel=\"nofollow\" style=\"background-image: url(https:\/\/videoworks.ro\/wp-content\/uploads\/2024\/03\/Productie-Editare-Video.webp);\">\r\n          <span>\r\n            <span class=\"num\"><\/span>\r\n            <span class=\"h\">Produc\u021bie &amp; Editare Video<\/span>\r\n          <\/span>\r\n        <\/a>\r\n      <\/div>\r\n          <div class=\"item\">\r\n        <a href=\"\/servicii\"  target=\"_blank\"  rel=\"nofollow\" style=\"background-image: url(https:\/\/videoworks.ro\/wp-content\/uploads\/2024\/03\/Grafica-Animata-2D.webp);\">\r\n          <span>\r\n            <span class=\"num\"><\/span>\r\n            <span class=\"h\">Grafic\u0103 Animat\u0103 2D<\/span>\r\n          <\/span>\r\n        <\/a>\r\n      <\/div>\r\n          <div class=\"item\">\r\n        <a href=\"\/servicii\"  target=\"_blank\"  rel=\"nofollow\" style=\"background-image: url(https:\/\/videoworks.ro\/wp-content\/uploads\/2024\/03\/Grafica-Animata-3D.webp);\">\r\n          <span>\r\n            <span class=\"num\"><\/span>\r\n            <span class=\"h\">Grafic\u0103 Animat\u0103 3D<\/span>\r\n          <\/span>\r\n        <\/a>\r\n      <\/div>\r\n    \t\t\t<\/div>\r\n\t\t\t\t\t\t\t\t\t<div class=\"banner-about content\">\r\n\t\t\t\t<div class=\"row\">\r\n\t\t\t\t\t\t\t\t\t\t\t\t<div class=\"image col-12 col-md-6\" style=\"background-image: url(https:\/\/videoworks.ro\/wp-content\/uploads\/2024\/03\/despre-noi-videoworks-3-1.webp);\"><\/div>\r\n        <div class=\"text col-12 col-md-6\">\r\n\t\t\t\t\t\t\t<div class=\"wrap\">\r\n\t\t\t\t\t<div class=\"cell\">\r\n\t\t\t\t\t\t\t\t\t\t\t\t\t<div class=\"image\" style=\"background-image: url(https:\/\/videoworks.ro\/wp-content\/uploads\/2024\/03\/despre-noi-videoworks-3-1.webp);\"><\/div>\r\n\t\t\t\t\t\t\t\t\t\t\t\t\t\t\t\t\t\t\t\t\t\t\t\t\t\t\t<div class=\"text-p\">\t\t<div data-elementor-type=\"section\" data-elementor-id=\"3413\" class=\"elementor elementor-3413\" data-elementor-post-type=\"elementor_library\">\n\t\t\t<div class=\"elementor-element elementor-element-7ee78d0 e-flex e-con-boxed e-con e-parent\" data-id=\"7ee78d0\" data-element_type=\"container\" data-e-type=\"container\" data-settings=\"{&quot;background_background&quot;:&quot;classic&quot;,&quot;jet_parallax_layout_list&quot;:[]}\">\n\t\t\t\t\t<div class=\"e-con-inner\">\n\t\t<div class=\"elementor-element elementor-element-e670cd3 e-con-full e-flex e-con e-child\" data-id=\"e670cd3\" data-element_type=\"container\" data-e-type=\"container\" data-settings=\"{&quot;jet_parallax_layout_list&quot;:[]}\">\n\t\t\t\t<div class=\"elementor-element elementor-element-a451a87 gradient-text1 elementor-widget elementor-widget-heading\" data-id=\"a451a87\" data-element_type=\"widget\" data-e-type=\"widget\" data-widget_type=\"heading.default\">\n\t\t\t\t<div class=\"elementor-widget-container\">\n\t\t\t\t\t<div class=\"elementor-heading-title elementor-size-default\">Creativitate dublat\u0103 <br>de experien\u021b\u0103!<\/div>\t\t\t\t<\/div>\n\t\t\t\t<\/div>\n\t\t\t\t<div class=\"elementor-element elementor-element-58ca763 elementor-widget elementor-widget-text-editor\" data-id=\"58ca763\" data-element_type=\"widget\" data-e-type=\"widget\" data-widget_type=\"text-editor.default\">\n\t\t\t\t<div class=\"elementor-widget-container\">\n\t\t\t\t\t\t\t\t\t<p>Tr\u0103im \u00eentr-o lume \u00een care marketingul companiilor se bazeaz\u0103 \u00een cea mai mare parte pe con\u021binut video, av\u00e2nd un impact imens \u00een mediul online.<\/p>\t\t\t\t\t\t\t\t<\/div>\n\t\t\t\t<\/div>\n\t\t\t\t<div class=\"elementor-element elementor-element-5faa3d4 elementor-widget elementor-widget-text-editor\" data-id=\"5faa3d4\" data-element_type=\"widget\" data-e-type=\"widget\" data-widget_type=\"text-editor.default\">\n\t\t\t\t<div class=\"elementor-widget-container\">\n\t\t\t\t\t\t\t\t\t<p>Video Works este un studio de produc\u021bie video de cea mai \u00eenalt\u0103 calitate, cu un background de 15 ani \u00een industrie, iar sub form\u0103 de companie activ\u0103m de 5 ani cu mare succes. Creativi, entuzia\u0219ti \u0219i mereu aten\u021bi la detalii, urm\u0103rim dezvoltarea unui parteneriat pe termen lung cu clien\u0163ii no\u015ftri.<\/p><p>\u00cen func\u021bie de nevoile tale, realiz\u0103m o gam\u0103 variat\u0103 de servicii, \u00eencep\u00e2nd de la filmule\u021be de prezentare pentru re\u021bele sociale, p\u00e2n\u0103 la videoclipuri muzicale, anima\u021bii, grafica 2D \u0219i 3D. Pentru noi succesul afacerii tale este viitoarea noastr\u0103 provocare!<\/p>\t\t\t\t\t\t\t\t<\/div>\n\t\t\t\t<\/div>\n\t\t\t\t<div class=\"elementor-element elementor-element-b805557 elementor-align-left elementor-widget__width-auto btn-gradient-2 elementor-widget elementor-widget-button\" data-id=\"b805557\" data-element_type=\"widget\" data-e-type=\"widget\" data-widget_type=\"button.default\">\n\t\t\t\t<div class=\"elementor-widget-container\">\n\t\t\t\t\t\t\t\t\t<div class=\"elementor-button-wrapper\">\n\t\t\t\t\t<a class=\"elementor-button elementor-button-link elementor-size-lg\" href=\"\/portofoliu\">\n\t\t\t\t\t\t<span class=\"elementor-button-content-wrapper\">\n\t\t\t\t\t\t\t\t\t<span class=\"elementor-button-text\">Vezi Portofoliu<\/span>\n\t\t\t\t\t<\/span>\n\t\t\t\t\t<\/a>\n\t\t\t\t<\/div>\n\t\t\t\t\t\t\t\t<\/div>\n\t\t\t\t<\/div>\n\t\t\t\t<\/div>\n\t\t\t\t\t<\/div>\n\t\t\t\t<\/div>\n\t\t\t\t<\/div>\n\t\t<\/div>\r\n\t\t\t\t\t\t\t\t\t\t\t\t\t<\/div>\r\n\t\t\t\t<\/div>\r\n\t\t\t\t\t\t\t<\/div>\r\n\t\t\t\t\t\t<\/div>\r\n\t\t\t<\/div>\r\n\t\t\t\t\t\t\t\t\t<div class=\"banner-right-buttons widget-elementor\">\r\n\t\t\t\t<div class=\"cell\">\r\n\t\t\t\t\t            <div class=\"button category\">\r\n              <span class=\"h\">Servicii<\/span>\r\n              <span class=\"close\">\r\n                <i class=\"basic-ui-icon-cancel\"><\/i>\r\n                                  \u00cenchide                \t\t\t\t\t\t\t<\/span>\r\n\t\t\t\t\t\t<\/div>\r\n\t\t\t\t\t\r\n\t\t\t\t\t              <div class=\"button about\">\r\n                <span class=\"h\">Despre noi<\/span>\r\n                <span class=\"close\"><i class=\"basic-ui-icon-cancel\"><\/i>\r\n                                      \u00cenchide                  \t\t\t\t\t\t\t\t<\/span>\r\n\t\t\t\t\t\t\t<\/div>\r\n\t\t\t\t\t\t          \t\t\t\t<\/div>\r\n\t\t\t<\/div>\r\n\t\t\r\n\t\t\t\t<div class=\"banner banner-items banner-69e73c589b463 arrows-right-bottom pagination-right-bottom\" id=\"banner-69e73c589b464\">\r\n          <div class=\"swiper-container\">\r\n            <div class=\"swiper-wrapper\">\r\n                    <div class=\"item swiper-slide item-banner banner-item-69e73c589bdc0 elementor-repeater-item-ba46e5b tal inherit\">\r\n        <div class=\"bg-image\" style=\"background-image: url(https:\/\/videoworks.ro\/wp-content\/uploads\/2024\/03\/reprezentativa1-1-1.webp)\"><\/div>\r\n                        <div class=\"container\">\r\n          <div class=\"cell bottom\">\r\n\t\t\t\t\t\t\t\t\t\t\t\t\t<div class=\"heading heading-with-num-type2\">\r\n\t\t\t\t\t\t\t\t<div class=\"top\">\r\n\t\t\t\t\t\t\t\t\t<div class=\"num\"><\/div>\r\n\t\t\t\t\t\t\t\t\t\t\t\t\t\t\t\t\t\t\t<div class=\"sub-h\">Productie Editare Video<\/div>\r\n\t\t\t\t\t\t\t\t\t\t\t\t\t\t\t\t\t<\/div>\r\n\t\t\t\t\t\t\t\t<h2 class=\"h\">\r\n\t\t\t\t\t\t\t\t\tVideo Works Demo Reel \t\t\t\t\t\t\t\t<\/h2>\r\n\t\t\t\t\t\t\t<\/div>\r\n\t\t\t\t\t\t\t\t\t\t\t\t\t\t\t\t\t    \t\t\t\t\t\t<div class=\"play-button-block popup-gallery images\"><a href=\"#\" data-type=\"video\" data-popup-json=\"{&quot;video&quot;:{&quot;html&quot;:&quot;&lt;iframe class=\\&quot;elementor-video-iframe\\&quot; allowfullscreen allow=\\&quot;clipboard-write\\&quot; title=\\&quot;Player video vimeo\\&quot; src=\\&quot;https:\\\/\\\/player.vimeo.com\\\/video\\\/495721519?autopause=0&amp;muted=1&amp;title=0&amp;portrait=0&amp;byline=0&amp;h=4f0b3f5ee8#t=\\&quot;&gt;&lt;\\\/iframe&gt;&quot;,&quot;w&quot;:1920,&quot;h&quot;:1080}}\" data-id=\"0\"><i class=\"music-and-multimedia-play-button\"><\/i><\/a><\/div>\t\t\t\t\t<\/div>\r\n\t\t\t\t<\/div>\r\n\t\t\t<\/div>\r\n\t\t      <div class=\"item swiper-slide item-banner banner-item-69e73c589bea8 elementor-repeater-item-99a79cd tal with-shadow inherit\">\r\n        <div class=\"bg-image\" style=\"background-image: url(https:\/\/videoworks.ro\/wp-content\/uploads\/2024\/03\/Explainer-1-1.webp)\"><\/div>\r\n                        <div class=\"container\">\r\n          <div class=\"cell bottom\">\r\n\t\t\t\t\t\t\t\t\t\t\t\t\t<div class=\"heading heading-with-num-type2\">\r\n\t\t\t\t\t\t\t\t<div class=\"top\">\r\n\t\t\t\t\t\t\t\t\t<div class=\"num\"><\/div>\r\n\t\t\t\t\t\t\t\t\t\t\t\t\t\t\t\t\t\t\t<div class=\"sub-h\">Grafic\u0103 Animat\u0103 2D<\/div>\r\n\t\t\t\t\t\t\t\t\t\t\t\t\t\t\t\t\t<\/div>\r\n\t\t\t\t\t\t\t\t<h2 class=\"h\">\r\n\t\t\t\t\t\t\t\t\tExplainer\t\t\t\t\t\t\t\t<\/h2>\r\n\t\t\t\t\t\t\t<\/div>\r\n\t\t\t\t\t\t\t\t\t\t\t\t\t\t\t\t\t    \t\t\t\t\t\t<div class=\"play-button-block popup-gallery images\"><a href=\"#\" data-type=\"video\" data-popup-json=\"{&quot;video&quot;:{&quot;html&quot;:&quot;&lt;iframe class=\\&quot;elementor-video-iframe\\&quot; allowfullscreen allow=\\&quot;clipboard-write\\&quot; title=\\&quot;Player video vimeo\\&quot; src=\\&quot;https:\\\/\\\/player.vimeo.com\\\/video\\\/658979168?autopause=0&amp;muted=1&amp;title=0&amp;portrait=0&amp;byline=0#t=\\&quot;&gt;&lt;\\\/iframe&gt;&quot;,&quot;w&quot;:1920,&quot;h&quot;:1080}}\" data-id=\"0\"><i class=\"music-and-multimedia-play-button\"><\/i><\/a><\/div>\t\t\t\t\t<\/div>\r\n\t\t\t\t<\/div>\r\n\t\t\t<\/div>\r\n\t\t      <div class=\"item swiper-slide item-banner banner-item-69e73c589bf80 elementor-repeater-item-f023bc4 tal inherit\">\r\n        <div class=\"bg-image\" style=\"background-image: url(https:\/\/videoworks.ro\/wp-content\/uploads\/2024\/03\/reprezentativa-3-1.webp)\"><\/div>\r\n                        <div class=\"container\">\r\n          <div class=\"cell bottom\">\r\n\t\t\t\t\t\t\t\t\t\t\t\t\t<div class=\"heading heading-with-num-type2\">\r\n\t\t\t\t\t\t\t\t<div class=\"top\">\r\n\t\t\t\t\t\t\t\t\t<div class=\"num\"><\/div>\r\n\t\t\t\t\t\t\t\t\t\t\t\t\t\t\t\t\t\t\t<div class=\"sub-h\">Grafic\u0103 Animat\u0103 3D<\/div>\r\n\t\t\t\t\t\t\t\t\t\t\t\t\t\t\t\t\t<\/div>\r\n\t\t\t\t\t\t\t\t<h2 class=\"h\">\r\n\t\t\t\t\t\t\t\t\tVideoworks Reel\t\t\t\t\t\t\t\t<\/h2>\r\n\t\t\t\t\t\t\t<\/div>\r\n\t\t\t\t\t\t\t\t\t\t\t\t\t\t\t\t\t    \t\t\t\t\t\t<div class=\"play-button-block popup-gallery images\"><a href=\"#\" data-type=\"video\" data-popup-json=\"{&quot;video&quot;:{&quot;html&quot;:&quot;&lt;iframe class=\\&quot;elementor-video-iframe\\&quot; allowfullscreen allow=\\&quot;clipboard-write\\&quot; title=\\&quot;Player video vimeo\\&quot; src=\\&quot;https:\\\/\\\/player.vimeo.com\\\/video\\\/773689440?autopause=0&amp;muted=1&amp;title=0&amp;portrait=0&amp;byline=0#t=\\&quot;&gt;&lt;\\\/iframe&gt;&quot;,&quot;w&quot;:1920,&quot;h&quot;:1080}}\" data-id=\"0\"><i class=\"music-and-multimedia-play-button\"><\/i><\/a><\/div>\t\t\t\t\t<\/div>\r\n\t\t\t\t<\/div>\r\n\t\t\t<\/div>\r\n\t\t            <\/div>\r\n          <\/div>\r\n          \r\n          <div class=\"owl-nav\"><div class=\"owl-prev basic-ui-icon-left-arrow\"><\/div><div class=\"owl-next basic-ui-icon-right-arrow\"><\/div><\/div>\r\n          <div class=\"owl-dots\"><\/div>          \r\n\t\t\t\t<\/div>\r\n\r\n\t\t\t<\/div>\r\n\t\t\t\t\t\t<\/div>\n\t\t\t\t<\/div>\n\t\t\t\t<\/div>\n\t\t\t\t<\/div>\n\t\t","protected":false},"excerpt":{"rendered":"<p>Produc\u021bie &amp; Editare Video Grafic\u0103 Animat\u0103 2D Grafic\u0103 Animat\u0103 3D Servicii Close Despre noi Close Productie Editare Video Video Works Demo Reel Grafic\u0103 Animat\u0103 2D Explainer Grafic\u0103 Animat\u0103 3D Videoworks Reel Produc\u021bie &amp; Editare Video Grafic\u0103 Animat\u0103 2D Grafic\u0103 Animat\u0103 3D Servicii Close Despre noi Close Productie Editare Video Video Works Demo Reel Grafic\u0103 Animat\u0103 [&hellip;]<\/p>\n","protected":false},"author":1,"featured_media":0,"parent":0,"menu_order":0,"comment_status":"closed","ping_status":"closed","template":"elementor_header_footer","meta":{"_acf_changed":false,"footnotes":""},"class_list":["post-3726","page","type-page","status-publish","hentry"],"acf":[],"_links":{"self":[{"href":"https:\/\/videoworks.ro\/ro\/wp-json\/wp\/v2\/pages\/3726","targetHints":{"allow":["GET"]}}],"collection":[{"href":"https:\/\/videoworks.ro\/ro\/wp-json\/wp\/v2\/pages"}],"about":[{"href":"https:\/\/videoworks.ro\/ro\/wp-json\/wp\/v2\/types\/page"}],"author":[{"embeddable":true,"href":"https:\/\/videoworks.ro\/ro\/wp-json\/wp\/v2\/users\/1"}],"replies":[{"embeddable":true,"href":"https:\/\/videoworks.ro\/ro\/wp-json\/wp\/v2\/comments?post=3726"}],"version-history":[{"count":20,"href":"https:\/\/videoworks.ro\/ro\/wp-json\/wp\/v2\/pages\/3726\/revisions"}],"predecessor-version":[{"id":3801,"href":"https:\/\/videoworks.ro\/ro\/wp-json\/wp\/v2\/pages\/3726\/revisions\/3801"}],"wp:attachment":[{"href":"https:\/\/videoworks.ro\/ro\/wp-json\/wp\/v2\/media?parent=3726"}],"curies":[{"name":"wp","href":"https:\/\/api.w.org\/{rel}","templated":true}]}}